{"id":139,"date":"2021-05-12T11:38:10","date_gmt":"2021-05-12T11:38:10","guid":{"rendered":"http:\/\/contextoacademico.com\/?page_id=139"},"modified":"2024-06-09T19:44:20","modified_gmt":"2024-06-09T19:44:20","slug":"about-us","status":"publish","type":"page","link":"https:\/\/contextoacademico.com\/es\/about-us\/","title":{"rendered":"ACERCA DE NOSOTROS"},"content":{"rendered":"<div class=\"wp-block-cover alignfull has-parallax is-light\" style=\"min-height:363px;aspect-ratio:unset;\"><span aria-hidden=\"true\" class=\"wp-block-cover__background has-background-dim-90 has-background-dim\" style=\"background-color:#113558\"><\/span><div class=\"wp-block-cover__image-background wp-image-16 has-parallax\" style=\"background-position:50% 50%;background-image:url(http:\/\/contextoacademico.com\/wp-content\/uploads\/2021\/05\/hero-bg.jpg)\"><\/div><div class=\"wp-block-cover__inner-container is-layout-flow wp-block-cover-is-layout-flow\">\n<h1 class=\"wp-block-heading has-white-color has-text-color\">Nuestro equipo<\/h1>\n<\/div><\/div>\n\n\n\n<div class=\"wp-block-group alignfull is-layout-flow wp-block-group-is-layout-flow\"><div class=\"wp-block-group__inner-container\">\n<div class=\"wp-block-columns alignwide are-vertically-aligned-top is-layout-flex wp-container-core-columns-is-layout-9d6595d7 wp-block-columns-is-layout-flex\">\n<div class=\"wp-block-column is-vertically-aligned-top is-layout-flow wp-block-column-is-layout-flow\">\n<div class=\"wp-block-cover has-custom-content-position is-position-bottom-center is-light\" style=\"min-height:491px;aspect-ratio:unset;\"><span aria-hidden=\"true\" class=\"wp-block-cover__background has-background-dim-20 has-background-dim\"><\/span><img loading=\"lazy\" decoding=\"async\" width=\"757\" height=\"1024\" class=\"wp-block-cover__image-background wp-image-524\" alt=\"\" src=\"http:\/\/contextoacademico.com\/wp-content\/uploads\/2021\/07\/Untitled-757x1024.png\" style=\"object-position:50% 1%\" data-object-fit=\"cover\" data-object-position=\"50% 1%\" srcset=\"https:\/\/contextoacademico.com\/wp-content\/uploads\/2021\/07\/Untitled-757x1024.png 757w, https:\/\/contextoacademico.com\/wp-content\/uploads\/2021\/07\/Untitled-222x300.png 222w, https:\/\/contextoacademico.com\/wp-content\/uploads\/2021\/07\/Untitled-768x1039.png 768w, https:\/\/contextoacademico.com\/wp-content\/uploads\/2021\/07\/Untitled-1136x1536.png 1136w, https:\/\/contextoacademico.com\/wp-content\/uploads\/2021\/07\/Untitled.png 1183w\" sizes=\"auto, (max-width: 757px) 100vw, 757px\" \/><div class=\"wp-block-cover__inner-container is-layout-flow wp-block-cover-is-layout-flow\">\n<h3 class=\"wp-block-heading has-text-align-center has-white-color has-text-color\">Daniel McCosh <\/h3>\n\n\n\n<h3 class=\"wp-block-heading has-text-align-center has-white-color has-text-color\">Socio Fundador<\/h3>\n<\/div><\/div>\n<\/div>\n\n\n\n<div class=\"wp-block-column is-layout-flow wp-block-column-is-layout-flow\">\n<p>Nativo de Detroit, Daniel tiene una licenciatura en econom\u00eda de la Universidad de Michigan. Desde 1992 vive en la Ciudad de M\u00e9xico y se dedica a servicios editoriales.&nbsp;<\/p>\n\n\n\n<p>Ha sido traductor de planta para el peri\u00f3dico <em>El Economista<\/em> as\u00ed como periodista para <em>El Financiero<\/em>, adem\u00e1s de trabajar como correspondiente en el extranjero para el <em>Journal of Commerce<\/em> y otras publicaciones nacionales. Ha traducido el libro de fotograf\u00eda Vedanthangal para una organizaci\u00f3n no gubernamental de la India, un cat\u00e1logo extensivo del MALBA en Buenos Aires, varios cat\u00e1logos de exposiciones, adem\u00e1s de numerosos reportes anuales para las compa\u00f1\u00edas Expansi\u00f3n 100. Tambi\u00e9n contribuye con la revista <em>Expansi\u00f3n<\/em> y ha sido publicado en espa\u00f1ol en la revista <em>Traves\u00edas.<\/em> Fue director de Informaci\u00f3n Internacional y Financiera para el Grupo Salinas por m\u00e1s de 15 a\u00f1os.<\/p>\n\n\n\n<p>Daniel toca la trompeta en el sexteto de jazz Candela Groove, y ha compuesto varias canciones en los dos \u00e1lbumes del grupo. Compite en remo en el circuito de veteranos de la Federaci\u00f3n Mexicana de Remo.<\/p>\n<\/div>\n<\/div>\n<\/div><\/div>\n\n\n\n<div style=\"height:13px\" aria-hidden=\"true\" class=\"wp-block-spacer\"><\/div>\n\n\n\n<div class=\"wp-block-group alignfull is-layout-flow wp-block-group-is-layout-flow\"><div class=\"wp-block-group__inner-container\">\n<div class=\"wp-block-columns alignwide are-vertically-aligned-top is-layout-flex wp-container-core-columns-is-layout-9d6595d7 wp-block-columns-is-layout-flex\">\n<div class=\"wp-block-column is-vertically-aligned-top is-layout-flow wp-block-column-is-layout-flow\">\n<div class=\"wp-block-cover is-light has-custom-content-position is-position-bottom-center\" style=\"min-height:485px;aspect-ratio:unset;\"><span aria-hidden=\"true\" class=\"wp-block-cover__background has-background-dim-20 has-background-dim\"><\/span><img loading=\"lazy\" decoding=\"async\" width=\"332\" height=\"338\" class=\"wp-block-cover__image-background wp-image-543\" alt=\"\" src=\"http:\/\/contextoacademico.com\/wp-content\/uploads\/2021\/07\/Untitled.jpeg\" style=\"object-position:50% 0%\" data-object-fit=\"cover\" data-object-position=\"50% 0%\" srcset=\"https:\/\/contextoacademico.com\/wp-content\/uploads\/2021\/07\/Untitled.jpeg 332w, https:\/\/contextoacademico.com\/wp-content\/uploads\/2021\/07\/Untitled-295x300.jpeg 295w\" sizes=\"auto, (max-width: 332px) 100vw, 332px\" \/><div class=\"wp-block-cover__inner-container is-layout-flow wp-block-cover-is-layout-flow\">\n<p><\/p>\n\n\n\n<h3 class=\"wp-block-heading has-text-align-center has-white-color has-text-color\">Rowena Galavitz <\/h3>\n\n\n\n<h3 class=\"wp-block-heading has-text-align-center has-white-color has-text-color\">Socio Fundador<\/h3>\n<\/div><\/div>\n<\/div>\n\n\n\n<div class=\"wp-block-column is-layout-flow wp-block-column-is-layout-flow\">\n<p>Rowena empez\u00f3 en el mundo editorial como tip\u00f3grafa y lectora de galeras en la Ciudad de Nueva York. Despu\u00e9s pas\u00f3 dos d\u00e9cadas viviendo en M\u00e9xico donde fue la correctora de estilo para numerosas publicaciones biling\u00fces. Desde 2004, Rowena ha traducido cr\u00edtica de arte latinoamericano, textos acad\u00e9micos, cuentos cortos y poes\u00eda. En 2018 gan\u00f3 menci\u00f3n honor\u00edfica en el Premio de Traducci\u00f3n World Literature Today en la categor\u00eda de poes\u00eda. Actualmente trabaja para la revista acad\u00e9mica&nbsp;<em>Journal of the American Academy of Religion<\/em>.&nbsp;<\/p>\n\n\n\n<p>Rowena tiene una licenciatura en artes pl\u00e1sticas por la Universidad de Nueva York y una maestr\u00eda en estudios europeos por la Universidad de Indiana. Actualmente estudia un doctorado en estudios religiosos y un certificado en traducci\u00f3n literaria. En sus estudios de posgrado se enfoca en las escritoras del mundo hispanoparlante de los siglos XVI y XVII.<\/p>\n\n\n\n<p>Rowena disfruta leer ficci\u00f3n en ingl\u00e9s, espa\u00f1ol y catal\u00e1n, escuchar m\u00fasica jazz o rock y pasar tiempo con sus dos gatas.&nbsp;<\/p>\n<\/div>\n<\/div>\n\n\n\n<div style=\"height:130px\" aria-hidden=\"true\" class=\"wp-block-spacer\"><\/div>\n\n\n\n<div class=\"wp-block-columns alignwide are-vertically-aligned-top is-layout-flex wp-container-core-columns-is-layout-9d6595d7 wp-block-columns-is-layout-flex\">\n<div class=\"wp-block-column is-vertically-aligned-top is-layout-flow wp-block-column-is-layout-flow\">\n<div class=\"wp-block-cover has-custom-content-position is-position-bottom-center\" style=\"min-height:459px;aspect-ratio:unset;\"><span aria-hidden=\"true\" class=\"wp-block-cover__background has-background-dim-20 has-background-dim\" style=\"background-color:#818181\"><\/span><img loading=\"lazy\" decoding=\"async\" width=\"720\" height=\"960\" class=\"wp-block-cover__image-background wp-image-1144\" alt=\"\" src=\"https:\/\/contextoacademico.com\/wp-content\/uploads\/2024\/06\/unnamed.jpeg\" data-object-fit=\"cover\" srcset=\"https:\/\/contextoacademico.com\/wp-content\/uploads\/2024\/06\/unnamed.jpeg 720w, https:\/\/contextoacademico.com\/wp-content\/uploads\/2024\/06\/unnamed-225x300.jpeg 225w, https:\/\/contextoacademico.com\/wp-content\/uploads\/2024\/06\/unnamed-9x12.jpeg 9w\" sizes=\"auto, (max-width: 720px) 100vw, 720px\" \/><div class=\"wp-block-cover__inner-container is-layout-flow wp-block-cover-is-layout-flow\">\n<p><\/p>\n\n\n\n<h3 class=\"wp-block-heading has-text-align-center has-white-color has-text-color\">Karina Bailey<\/h3>\n\n\n\n<h3 class=\"wp-block-heading has-text-align-center has-white-color has-text-color\">Socia<\/h3>\n<\/div><\/div>\n<\/div>\n\n\n\n<div class=\"wp-block-column is-layout-flow wp-block-column-is-layout-flow\">\n<p>Karina Bailey se ha desempe\u00f1ado como escritora, editora, correctora de textos y traductora independiente desde 1995. Curs\u00f3 la carrera de Filosof\u00eda en la UNAM y el diplomado en Teor\u00eda Cr\u00edtica&nbsp;<em>en Instituto 17<\/em>, y cuenta con una maestr\u00eda en Educaci\u00f3n por la Universidad SUNY Buffalo State de Nueva York. Es miembro activo del colectivo&nbsp;<em>C\u00edrculo de Traductores&nbsp;<\/em>desde su fundaci\u00f3n en 2011. El grupo obtuvo el apoyo del FONCA para el proyecto  \u201cIncubadora de Proyectos de Traducci\u00f3n Editorial\u201d en 2018.  Ha impartido talleres en el Departamento de Traducci\u00f3n e Interpretaci\u00f3n (DTI) de la Escuela Nacional de Lengua, Ling\u00fc\u00edstica y Traducci\u00f3n (ENALLT) de la UNAM, as\u00ed como el Taller de Traducci\u00f3n Literaria en el marco de la Maestr\u00eda en Lengua, Literatura y Traducci\u00f3n de la UABJO.<\/p>\n<\/div>\n<\/div>\n\n\n\n<div class=\"wp-block-group alignfull is-layout-flow wp-block-group-is-layout-flow\"><div class=\"wp-block-group__inner-container\">\n<div class=\"wp-block-columns alignwide are-vertically-aligned-top is-layout-flex wp-container-core-columns-is-layout-9d6595d7 wp-block-columns-is-layout-flex\"><\/div>\n\n\n\n<div class=\"wp-block-columns alignwide are-vertically-aligned-top is-layout-flex wp-container-core-columns-is-layout-9d6595d7 wp-block-columns-is-layout-flex\"><\/div>\n<\/div><\/div>\n<\/div><\/div>","protected":false},"excerpt":{"rendered":"<p>A native of Detroit, Dan holds a BA in Economics from the University of Michigan. He moved to Mexico City in 1992 and has since been dedicated to editorial services.&nbsp; He was a staff translator at the Mexican daily El Economista and later a staff writer at El Financiero, in addition to working as a &hellip;<\/p>\n<p class=\"read-more\"> <a class=\"\" href=\"https:\/\/contextoacademico.com\/es\/about-us\/\"> <span class=\"screen-reader-text\">ACERCA DE NOSOTROS<\/span> Leer m\u00e1s &raquo;<\/a><\/p>","protected":false},"author":1,"featured_media":0,"parent":0,"menu_order":0,"comment_status":"closed","ping_status":"closed","template":"","meta":{"om_disable_all_campaigns":false,"_mi_skip_tracking":false,"_monsterinsights_sitenote_active":false,"_monsterinsights_sitenote_note":"","_monsterinsights_sitenote_category":0,"site-sidebar-layout":"no-sidebar","site-content-layout":"plain-container","ast-main-header-display":"","ast-hfb-above-header-display":"","ast-hfb-below-header-display":"","ast-hfb-mobile-header-display":"","site-post-title":"disabled","ast-breadcrumbs-content":"","ast-featured-img":"disabled","footer-sml-layout":"","theme-transparent-header-meta":"enabled","adv-header-id-meta":"","stick-header-meta":"","header-above-stick-meta":"","header-main-stick-meta":"","header-below-stick-meta":"","footnotes":""},"class_list":["post-139","page","type-page","status-publish","hentry"],"aioseo_notices":[],"_links":{"self":[{"href":"https:\/\/contextoacademico.com\/es\/wp-json\/wp\/v2\/pages\/139","targetHints":{"allow":["GET"]}}],"collection":[{"href":"https:\/\/contextoacademico.com\/es\/wp-json\/wp\/v2\/pages"}],"about":[{"href":"https:\/\/contextoacademico.com\/es\/wp-json\/wp\/v2\/types\/page"}],"author":[{"embeddable":true,"href":"https:\/\/contextoacademico.com\/es\/wp-json\/wp\/v2\/users\/1"}],"replies":[{"embeddable":true,"href":"https:\/\/contextoacademico.com\/es\/wp-json\/wp\/v2\/comments?post=139"}],"version-history":[{"count":42,"href":"https:\/\/contextoacademico.com\/es\/wp-json\/wp\/v2\/pages\/139\/revisions"}],"predecessor-version":[{"id":1157,"href":"https:\/\/contextoacademico.com\/es\/wp-json\/wp\/v2\/pages\/139\/revisions\/1157"}],"wp:attachment":[{"href":"https:\/\/contextoacademico.com\/es\/wp-json\/wp\/v2\/media?parent=139"}],"curies":[{"name":"wp","href":"https:\/\/api.w.org\/{rel}","templated":true}]}}