{"id":135,"date":"2021-05-12T11:36:55","date_gmt":"2021-05-12T11:36:55","guid":{"rendered":"http:\/\/contextoacademico.com\/?page_id=135"},"modified":"2021-11-19T22:40:34","modified_gmt":"2021-11-19T22:40:34","slug":"home","status":"publish","type":"page","link":"https:\/\/contextoacademico.com\/es\/","title":{"rendered":"INICIO"},"content":{"rendered":"<div class=\"wp-block-cover alignfull has-background-dim-80 has-background-dim has-parallax\" style=\"background-image:url(http:\/\/contextoacademico.com\/wp-content\/uploads\/2021\/05\/hero-bg.jpg);background-color:#113558;min-height:966px;aspect-ratio:unset;\"><div class=\"wp-block-cover__inner-container is-layout-flow wp-block-cover-is-layout-flow\">\n<h1 class=\"has-text-align-left has-white-color has-text-color wp-block-heading\">Te ayudamos a publicar<\/h1>\n\n\n\n<p class=\"has-text-align-left\" style=\"font-size:17px\">Tu carrera y tu reputaci\u00f3n dependen de la calidad y cantidad de publicaciones que tengas en revistas indexadas. M\u00e1s de tres cuartos de estas revistas en el mundo se publican en ingl\u00e9s. Nosotros te ayudamos a que el idioma no sea una barrera y que tus art\u00edculos sobresalgan.<\/p>\n\n\n\n<div class=\"wp-block-buttons alignfull is-content-justification-left is-layout-flex wp-block-buttons-is-layout-flex\">\n<div class=\"wp-block-button is-style-fill\"><a class=\"wp-block-button__link has-text-color has-background\" href=\"#how\" style=\"border-radius:34px;background-color:#ffffff;color:#534a45\" rel=\"#\">M\u00e1s<\/a><\/div>\n\n\n\n\n\n\n\n\n<\/div>\n<\/div><\/div>\n\n\n\n<p><\/p>\n\n\n\n<div class=\"wp-block-group alignfull is-layout-flow wp-block-group-is-layout-flow\" id=\"how\"><div class=\"wp-block-group__inner-container\">\n<div class=\"wp-block-media-text alignfull has-media-on-the-right is-stacked-on-mobile is-vertically-aligned-center\" style=\"grid-template-columns:auto 49%\"><figure class=\"wp-block-media-text__media\"><img loading=\"lazy\" decoding=\"async\" width=\"1024\" height=\"768\" src=\"https:\/\/contextoacademico.com\/wp-content\/uploads\/2021\/08\/IMG_3406-1-1024x768.png\" alt=\"\" class=\"wp-image-828 size-medium\" srcset=\"https:\/\/contextoacademico.com\/wp-content\/uploads\/2021\/08\/IMG_3406-1-1024x768.png 1024w, https:\/\/contextoacademico.com\/wp-content\/uploads\/2021\/08\/IMG_3406-1-300x225.png 300w, https:\/\/contextoacademico.com\/wp-content\/uploads\/2021\/08\/IMG_3406-1-768x576.png 768w, https:\/\/contextoacademico.com\/wp-content\/uploads\/2021\/08\/IMG_3406-1-1536x1152.png 1536w, https:\/\/contextoacademico.com\/wp-content\/uploads\/2021\/08\/IMG_3406-1-2048x1536.png 2048w\" sizes=\"auto, (max-width: 1024px) 100vw, 1024px\" \/><\/figure><div class=\"wp-block-media-text__content\">\n<h2 class=\"wp-block-heading\">C\u00f3mo lo hacemos<\/h2>\n\n\n\n<p>Contexto Acad\u00e9mico ofrece servicios editoriales de gran calidad en ingl\u00e9s y espa\u00f1ol realizados por hablantes nativos. Trabajamos con acad\u00e9micos del \u00e1rea de humanidades, ciencias sociales, y biolog\u00eda, y logramos que sus art\u00edculos se publiquen en revistas indexadas y otros foros.<\/p>\n\n\n\n<p>Adem\u00e1s, impartimos talleres sobre escritura acad\u00e9mica y ofrecemos asesor\u00eda individual,  acompa\u00f1\u00e1ndote a lo largo del proceso editorial.<\/p>\n<\/div><\/div>\n<\/div><\/div>\n\n\n\n<div class=\"wp-block-group alignfull has-text-color has-background is-layout-flow wp-block-group-is-layout-flow\" id=\"services-1\" style=\"background-color:#113558;color:#0071a1\"><div class=\"wp-block-group__inner-container\">\n<h2 class=\"has-white-color has-text-color wp-block-heading\">Nuestros servicios<\/h2>\n\n\n\n<hr class=\"wp-block-separator has-text-color has-background\" style=\"background-color:#113558;color:#113558\"\/>\n\n\n\n<div class=\"wp-block-columns is-layout-flex wp-container-core-columns-is-layout-9d6595d7 wp-block-columns-is-layout-flex\">\n<div class=\"wp-block-column is-layout-flow wp-block-column-is-layout-flow\" style=\"flex-basis:100%\">\n<div class=\"wp-block-columns is-layout-flex wp-container-core-columns-is-layout-9d6595d7 wp-block-columns-is-layout-flex\">\n<div class=\"wp-block-column has-white-color has-text-color is-layout-flow wp-block-column-is-layout-flow\">\n<h4 class=\"has-text-align-center has-white-color has-text-color wp-block-heading\">Traducci\u00f3n<\/h4>\n\n\n\n<div class=\"wp-block-image is-style-default\"><figure class=\"aligncenter size-full is-resized\"><img loading=\"lazy\" decoding=\"async\" src=\"https:\/\/contextoacademico.com\/wp-content\/uploads\/2021\/07\/translation-2.png\" alt=\"\" class=\"wp-image-743\" width=\"113\" height=\"113\" srcset=\"https:\/\/contextoacademico.com\/wp-content\/uploads\/2021\/07\/translation-2.png 512w, https:\/\/contextoacademico.com\/wp-content\/uploads\/2021\/07\/translation-2-300x300.png 300w, https:\/\/contextoacademico.com\/wp-content\/uploads\/2021\/07\/translation-2-150x150.png 150w\" sizes=\"auto, (max-width: 113px) 100vw, 113px\" \/><\/figure><\/div>\n\n\n\n<p class=\"has-text-align-center has-white-color has-text-color\">Contexto Acad\u00e9mico ofrece traducciones de calidad para como res\u00famenes,  art\u00edculos en revistas y cap\u00edtulos de libros. <\/p>\n\n\n\n<div class=\"wp-block-buttons is-layout-flex wp-block-buttons-is-layout-flex\">\n<div class=\"wp-block-button has-custom-width wp-block-button__width-100\"><a class=\"wp-block-button__link has-white-color has-text-color\" href=\"https:\/\/contextoacademico.com\/es\/services\/\">M\u00e1s<\/a><\/div>\n<\/div>\n\n\n\n<div style=\"height:126px\" aria-hidden=\"true\" class=\"wp-block-spacer\"><\/div>\n\n\n\n<h4 class=\"has-text-align-center has-white-color has-text-color wp-block-heading\">Formato<\/h4>\n\n\n\n<div class=\"wp-block-image\"><figure class=\"aligncenter size-full is-resized\"><img loading=\"lazy\" decoding=\"async\" src=\"https:\/\/contextoacademico.com\/wp-content\/uploads\/2021\/07\/indent.png\" alt=\"\" class=\"wp-image-746\" width=\"101\" height=\"101\" srcset=\"https:\/\/contextoacademico.com\/wp-content\/uploads\/2021\/07\/indent.png 512w, https:\/\/contextoacademico.com\/wp-content\/uploads\/2021\/07\/indent-300x300.png 300w, https:\/\/contextoacademico.com\/wp-content\/uploads\/2021\/07\/indent-150x150.png 150w\" sizes=\"auto, (max-width: 101px) 100vw, 101px\" \/><\/figure><\/div>\n\n\n\n<p class=\"has-text-align-center has-white-color has-text-color\">Podemos formatear las notas a pie y la bibliograf\u00eda de tus trabajos acad\u00e9micos para que cumplan con los lineamientos editoriales que exige cada publicaci\u00f3n. <\/p>\n\n\n\n<div class=\"wp-block-buttons alignfull is-content-justification-center is-layout-flex wp-block-buttons-is-layout-flex\">\n<div class=\"wp-block-button\"><a class=\"wp-block-button__link\" href=\"https:\/\/contextoacademico.com\/es\/services\/\"><span class=\"has-inline-color has-white-color\">M\u00e1s<\/span><\/a><\/div>\n<\/div>\n\n\n\n<p class=\"has-text-align-center\"><span class=\"has-inline-color has-white-color\"><\/span><\/p>\n<\/div>\n\n\n\n<div class=\"wp-block-column is-layout-flow wp-block-column-is-layout-flow\">\n<h4 class=\"has-text-align-center has-white-color has-text-color wp-block-heading\">Correcci\u00f3n de estilo<\/h4>\n\n\n\n<div class=\"wp-block-image\"><figure class=\"aligncenter size-full is-resized\"><img loading=\"lazy\" decoding=\"async\" src=\"https:\/\/contextoacademico.com\/wp-content\/uploads\/2021\/07\/archives-1.png\" alt=\"\" class=\"wp-image-744\" width=\"116\" height=\"116\" srcset=\"https:\/\/contextoacademico.com\/wp-content\/uploads\/2021\/07\/archives-1.png 512w, https:\/\/contextoacademico.com\/wp-content\/uploads\/2021\/07\/archives-1-300x300.png 300w, https:\/\/contextoacademico.com\/wp-content\/uploads\/2021\/07\/archives-1-150x150.png 150w\" sizes=\"auto, (max-width: 116px) 100vw, 116px\" \/><\/figure><\/div>\n\n\n\n<p class=\"has-text-align-center has-white-color has-text-color\">La correcci\u00f3n de estilo va m\u00e1s all\u00e1 de la gram\u00e1tica, la ortograf\u00eda, la sintaxis y la puntuaci\u00f3n. Implica poner atenci\u00f3n a la elecci\u00f3n de palabras, la fluidez y la estructura de cada oraci\u00f3n, mejorando as\u00ed la comprensi\u00f3n del texto.<\/p>\n\n\n\n<div class=\"wp-block-buttons is-layout-flex wp-block-buttons-is-layout-flex\">\n<div class=\"wp-block-button has-custom-width wp-block-button__width-100\"><a class=\"wp-block-button__link has-white-color has-text-color\" href=\"https:\/\/contextoacademico.com\/es\/services\/\">M\u00e1s<\/a><\/div>\n<\/div>\n\n\n\n<div style=\"height:68px\" aria-hidden=\"true\" class=\"wp-block-spacer\"><\/div>\n\n\n\n<h4 class=\"has-text-align-center has-white-color has-text-color wp-block-heading\">Talleres de escritura de art\u00edculos para revistas acad\u00e9micas<\/h4>\n\n\n\n<div style=\"height:1px\" aria-hidden=\"true\" class=\"wp-block-spacer\"><\/div>\n\n\n\n<div class=\"wp-block-image\"><figure class=\"aligncenter size-full is-resized\"><img loading=\"lazy\" decoding=\"async\" src=\"https:\/\/contextoacademico.com\/wp-content\/uploads\/2021\/07\/group-chat-1.png\" alt=\"\" class=\"wp-image-747\" width=\"103\" height=\"103\" srcset=\"https:\/\/contextoacademico.com\/wp-content\/uploads\/2021\/07\/group-chat-1.png 512w, https:\/\/contextoacademico.com\/wp-content\/uploads\/2021\/07\/group-chat-1-300x300.png 300w, https:\/\/contextoacademico.com\/wp-content\/uploads\/2021\/07\/group-chat-1-150x150.png 150w\" sizes=\"auto, (max-width: 103px) 100vw, 103px\" \/><\/figure><\/div>\n\n\n\n<p class=\"has-text-align-center has-white-color has-text-color\">Nuestros expertos imparten talleres para acompa\u00f1ar a los investigadores en el retador proceso de ser publicado en ingl\u00e9s. <\/p>\n\n\n\n<div class=\"wp-block-buttons is-layout-flex wp-block-buttons-is-layout-flex\">\n<div class=\"wp-block-button has-custom-width wp-block-button__width-100\"><a class=\"wp-block-button__link has-white-color has-text-color\" href=\"https:\/\/contextoacademico.com\/es\/services\/\">M\u00e1s<\/a><\/div>\n<\/div>\n\n\n\n<p class=\"has-text-align-center\"> <\/p>\n<\/div>\n\n\n\n<div class=\"wp-block-column is-layout-flow wp-block-column-is-layout-flow\">\n<h4 class=\"has-text-align-center has-white-color has-text-color wp-block-heading\">Lectura final<\/h4>\n\n\n\n<div class=\"wp-block-image\"><figure class=\"aligncenter size-full is-resized\"><img loading=\"lazy\" decoding=\"async\" src=\"https:\/\/contextoacademico.com\/wp-content\/uploads\/2021\/07\/loupe.png\" alt=\"\" class=\"wp-image-745\" width=\"116\" height=\"116\" srcset=\"https:\/\/contextoacademico.com\/wp-content\/uploads\/2021\/07\/loupe.png 512w, https:\/\/contextoacademico.com\/wp-content\/uploads\/2021\/07\/loupe-300x300.png 300w, https:\/\/contextoacademico.com\/wp-content\/uploads\/2021\/07\/loupe-150x150.png 150w\" sizes=\"auto, (max-width: 116px) 100vw, 116px\" \/><\/figure><\/div>\n\n\n\n<p class=\"has-text-align-center has-white-color has-text-color\">Generalmente, la lectura final o lectura de galeras es el paso final en el proceso editorial y se hace sobre el texto ya formateado para imprimir. <\/p>\n\n\n\n<div class=\"wp-block-buttons alignfull is-layout-flex wp-block-buttons-is-layout-flex\">\n<div class=\"wp-block-button has-custom-width wp-block-button__width-100\"><a class=\"wp-block-button__link has-white-color has-text-color\" href=\"https:\/\/contextoacademico.com\/es\/services\/\">M\u00e1s<\/a><\/div>\n<\/div>\n\n\n\n<div style=\"height:1px\" aria-hidden=\"true\" class=\"wp-block-spacer\"><\/div>\n\n\n\n<div style=\"height:120px\" aria-hidden=\"true\" class=\"wp-block-spacer\"><\/div>\n\n\n\n<h4 class=\"has-text-align-center has-white-color has-text-color wp-block-heading\">Asesor\u00eda individual<\/h4>\n\n\n\n<div class=\"wp-block-image\"><figure class=\"aligncenter size-full is-resized\"><img loading=\"lazy\" decoding=\"async\" src=\"https:\/\/contextoacademico.com\/wp-content\/uploads\/2021\/07\/conversation.png\" alt=\"\" class=\"wp-image-748\" width=\"100\" height=\"100\" srcset=\"https:\/\/contextoacademico.com\/wp-content\/uploads\/2021\/07\/conversation.png 512w, https:\/\/contextoacademico.com\/wp-content\/uploads\/2021\/07\/conversation-300x300.png 300w, https:\/\/contextoacademico.com\/wp-content\/uploads\/2021\/07\/conversation-150x150.png 150w\" sizes=\"auto, (max-width: 100px) 100vw, 100px\" \/><\/figure><\/div>\n\n\n\n<p class=\"has-text-align-center has-white-color has-text-color\">Ofrecemos tres tipos de asesor\u00eda individual, todas dise\u00f1adas para lograr publicar en ingl\u00e9s. &nbsp;<\/p>\n\n\n\n<div class=\"wp-block-buttons is-layout-flex wp-block-buttons-is-layout-flex\">\n<div class=\"wp-block-button has-custom-width wp-block-button__width-100\"><a class=\"wp-block-button__link has-white-color has-text-color\" href=\"https:\/\/contextoacademico.com\/es\/services\/\">M\u00e1s<\/a><\/div>\n<\/div>\n<\/div>\n<\/div>\n<\/div>\n\n\n\n<div class=\"wp-block-column is-layout-flow wp-block-column-is-layout-flow\"><\/div>\n<\/div>\n\n\n\n<div class=\"wp-block-columns is-layout-flex wp-container-core-columns-is-layout-9d6595d7 wp-block-columns-is-layout-flex\">\n<div class=\"wp-block-column is-layout-flow wp-block-column-is-layout-flow\">\n<div class=\"wp-block-buttons is-layout-flex wp-block-buttons-is-layout-flex\"><\/div>\n<\/div>\n\n\n\n<div class=\"wp-block-column is-layout-flow wp-block-column-is-layout-flow\">\n<div class=\"wp-block-buttons is-layout-flex wp-block-buttons-is-layout-flex\"><\/div>\n<\/div>\n<\/div>\n\n\n\n<div class=\"wp-block-columns is-layout-flex wp-container-core-columns-is-layout-9d6595d7 wp-block-columns-is-layout-flex\">\n<div class=\"wp-block-column is-layout-flow wp-block-column-is-layout-flow\">\n<div class=\"wp-block-buttons is-layout-flex wp-block-buttons-is-layout-flex\">\n\n<\/div>\n<\/div>\n\n\n\n<div class=\"wp-block-column is-layout-flow wp-block-column-is-layout-flow\"><\/div>\n\n\n\n<div class=\"wp-block-column is-layout-flow wp-block-column-is-layout-flow\"><\/div>\n<\/div>\n<\/div><\/div>\n\n\n\n<div class=\"wp-block-group alignfull has-cyan-bluish-gray-background-color has-background is-layout-flow wp-block-group-is-layout-flow\" id=\"about-us\"><div class=\"wp-block-group__inner-container\">\n<div class=\"wp-block-media-text alignwide has-media-on-the-right is-stacked-on-mobile has-white-color has-text-color has-background\" style=\"background-color:#113558;grid-template-columns:auto 51%\"><figure class=\"wp-block-media-text__media\"><img loading=\"lazy\" decoding=\"async\" width=\"967\" height=\"721\" src=\"https:\/\/contextoacademico.com\/wp-content\/uploads\/2021\/08\/Website-photo-Finnegans-Wake.jpg\" alt=\"\" class=\"wp-image-893 size-full\" srcset=\"https:\/\/contextoacademico.com\/wp-content\/uploads\/2021\/08\/Website-photo-Finnegans-Wake.jpg 967w, https:\/\/contextoacademico.com\/wp-content\/uploads\/2021\/08\/Website-photo-Finnegans-Wake-300x224.jpg 300w, https:\/\/contextoacademico.com\/wp-content\/uploads\/2021\/08\/Website-photo-Finnegans-Wake-768x573.jpg 768w\" sizes=\"auto, (max-width: 967px) 100vw, 967px\" \/><\/figure><div class=\"wp-block-media-text__content\">\n<div class=\"wp-block-group is-layout-flow wp-block-group-is-layout-flow\"><div class=\"wp-block-group__inner-container\">\n<h3 class=\"has-text-align-left wp-block-heading\"><span class=\"has-inline-color has-white-color\">Acerca de nosotros<\/span><\/h3>\n\n\n\n<p class=\"has-text-align-left\">Ubicados en la Ciudad de M\u00e9xico, somos un equipo de norteamericanos y mexicanos que incluye a los socios fundadores Daniel McCosh y Rowena Galavitz, quienes juntos tienen m\u00e1s de 50 a\u00f1os de experiencia en traducci\u00f3n y servicios editoriales y acad\u00e9micos.&nbsp;<\/p>\n\n\n\n<div class=\"wp-block-buttons is-content-justification-center is-layout-flex wp-block-buttons-is-layout-flex\">\n<div class=\"wp-block-button\"><a class=\"wp-block-button__link has-white-background-color has-text-color has-background\" href=\"https:\/\/contextoacademico.com\/es\/about-us\/\" style=\"border-radius:50px;color:#113558\">Conoce nuestro equipo<\/a><\/div>\n<\/div>\n<\/div><\/div>\n<\/div><\/div>\n<\/div><\/div>\n\n\n\n<div style=\"height:14px\" aria-hidden=\"true\" class=\"wp-block-spacer\"><\/div>\n\n\n\n<div style=\"height:19px\" aria-hidden=\"true\" class=\"wp-block-spacer\"><\/div>\n\n\n\n<div class=\"wp-block-group alignfull has-black-color has-white-background-color has-text-color has-background is-layout-flow wp-block-group-is-layout-flow\"><div class=\"wp-block-group__inner-container\">\n<div class=\"wp-block-columns are-vertically-aligned-center is-layout-flex wp-container-core-columns-is-layout-9d6595d7 wp-block-columns-is-layout-flex\">\n<div class=\"wp-block-column is-vertically-aligned-center is-layout-flow wp-block-column-is-layout-flow\">\n<h2 class=\"has-black-color has-text-color wp-block-heading\">Por qu\u00e9 escogernos<\/h2>\n<\/div>\n\n\n\n<div class=\"wp-block-column is-vertically-aligned-center is-layout-flow wp-block-column-is-layout-flow\">\n<p class=\"has-text-align-left\">Hemos formado un selecto equipo de traductores y editores que tienen amplia experiencia y son especialistas en su campo. Nuestro proceso editorial incluye siempre una revisi\u00f3n de dos pasos que garantiza que la lectura final del texto sea hecha por una persona cuya lengua materna es el ingl\u00e9s. Como expertos en ambas lenguas y con un conocimiento profundo de la cultura mexicana, por lo regular nos enfocamos en traducir del espa\u00f1ol mexicano al ingl\u00e9s americano, pero podemos acomodar las necesidades a todo tipo de clientes hispanoparlantes.<\/p>\n\n\n\n<div class=\"wp-block-buttons alignfull is-content-justification-center is-layout-flex wp-block-buttons-is-layout-flex\"><\/div>\n<\/div>\n<\/div>\n<\/div><\/div>\n\n\n\n<div style=\"height:28px\" aria-hidden=\"true\" class=\"wp-block-spacer\"><\/div>\n\n\n\n<div class=\"wp-block-cover alignfull has-background-dim-70 has-background-dim\" style=\"background-color:#113558;min-height:930px;aspect-ratio:unset;\" id=\"contact\"><img loading=\"lazy\" decoding=\"async\" width=\"1920\" height=\"1027\" class=\"wp-block-cover__image-background wp-image-16\" alt=\"\" src=\"http:\/\/contextoacademico.com\/wp-content\/uploads\/2021\/05\/hero-bg.jpg\" style=\"object-position:48% 58%\" data-object-fit=\"cover\" data-object-position=\"48% 58%\" srcset=\"https:\/\/contextoacademico.com\/wp-content\/uploads\/2021\/05\/hero-bg.jpg 1920w, https:\/\/contextoacademico.com\/wp-content\/uploads\/2021\/05\/hero-bg-300x160.jpg 300w, https:\/\/contextoacademico.com\/wp-content\/uploads\/2021\/05\/hero-bg-1024x548.jpg 1024w, https:\/\/contextoacademico.com\/wp-content\/uploads\/2021\/05\/hero-bg-768x411.jpg 768w, https:\/\/contextoacademico.com\/wp-content\/uploads\/2021\/05\/hero-bg-1536x822.jpg 1536w\" sizes=\"auto, (max-width: 1920px) 100vw, 1920px\" \/><div class=\"wp-block-cover__inner-container is-layout-flow wp-block-cover-is-layout-flow\">\n<h2 class=\"has-text-align-center has-white-color has-text-color wp-block-heading\"><strong>Contacto<\/strong><\/h2>\n\n\n\n<div style=\"height:33px\" aria-hidden=\"true\" class=\"wp-block-spacer\"><\/div>\n\n\n\n<div class=\"wp-block-image\"><figure class=\"aligncenter size-full is-resized\"><a href=\"mailto:contacto@contextoacademico.com\"><img loading=\"lazy\" decoding=\"async\" src=\"https:\/\/contextoacademico.com\/wp-content\/uploads\/2021\/07\/email-1.png\" alt=\"\" class=\"wp-image-626\" width=\"89\" height=\"89\" srcset=\"https:\/\/contextoacademico.com\/wp-content\/uploads\/2021\/07\/email-1.png 512w, https:\/\/contextoacademico.com\/wp-content\/uploads\/2021\/07\/email-1-300x300.png 300w, https:\/\/contextoacademico.com\/wp-content\/uploads\/2021\/07\/email-1-150x150.png 150w\" sizes=\"auto, (max-width: 89px) 100vw, 89px\" \/><\/a><figcaption><a href=\"mailto: contacto@contextoacademico.com\"><span class=\"has-inline-color has-white-color\">contacto@contextoacademico.com<\/span> <\/a><\/figcaption><\/figure><\/div>\n\n\n\n<p class=\"has-text-align-center\"><\/p>\n\n\n\n<div class=\"wp-block-image\"><figure class=\"aligncenter size-full is-resized\"><img loading=\"lazy\" decoding=\"async\" src=\"https:\/\/contextoacademico.com\/wp-content\/uploads\/2021\/07\/phone-call-2.png\" alt=\"\" class=\"wp-image-627\" width=\"98\" height=\"98\" srcset=\"https:\/\/contextoacademico.com\/wp-content\/uploads\/2021\/07\/phone-call-2.png 512w, https:\/\/contextoacademico.com\/wp-content\/uploads\/2021\/07\/phone-call-2-300x300.png 300w, https:\/\/contextoacademico.com\/wp-content\/uploads\/2021\/07\/phone-call-2-150x150.png 150w\" sizes=\"auto, (max-width: 98px) 100vw, 98px\" \/><\/figure><\/div>\n\n\n\n<p class=\"has-text-align-center has-white-color has-text-color\"><a href=\"tel: 525519497302\">+52 55 1949 7302<\/a><\/p>\n\n\n\n<p class=\"has-text-align-center has-white-color has-text-color\"><a href=\"tel: 1(812)6061393\">+1 (812)606 1393&nbsp;<\/a><\/p>\n\n\n\n<div class=\"wp-block-image\"><figure class=\"aligncenter size-full is-resized\"><img loading=\"lazy\" decoding=\"async\" src=\"https:\/\/contextoacademico.com\/wp-content\/uploads\/2021\/07\/placeholder.png\" alt=\"\" class=\"wp-image-628\" width=\"103\" height=\"103\" srcset=\"https:\/\/contextoacademico.com\/wp-content\/uploads\/2021\/07\/placeholder.png 512w, https:\/\/contextoacademico.com\/wp-content\/uploads\/2021\/07\/placeholder-300x300.png 300w, https:\/\/contextoacademico.com\/wp-content\/uploads\/2021\/07\/placeholder-150x150.png 150w\" sizes=\"auto, (max-width: 103px) 100vw, 103px\" \/><figcaption><span class=\"has-inline-color has-white-color\">Ciudad de M\u00e9xico Coyoac\u00e1n 04000<\/span><\/figcaption><\/figure><\/div>\n<\/div><\/div>","protected":false},"excerpt":{"rendered":"<p>Here&#8217;s how we do it Contexto Acad\u00e9mico is the premier agency that provides Spanish-to-English translation and Spanish and English editorial services to help academics working in the humanities, the social sciences, and live science get published in English-language indexed journals and other forums. From translation to editing, from workshops on writing to individual coaching, we\u2019re &hellip;<\/p>\n<p class=\"read-more\"> <a class=\"\" href=\"https:\/\/contextoacademico.com\/es\/\"> <span class=\"screen-reader-text\">INICIO<\/span> Leer m\u00e1s &raquo;<\/a><\/p>","protected":false},"author":1,"featured_media":0,"parent":0,"menu_order":0,"comment_status":"closed","ping_status":"closed","template":"","meta":{"om_disable_all_campaigns":false,"_mi_skip_tracking":false,"_monsterinsights_sitenote_active":false,"_monsterinsights_sitenote_note":"","_monsterinsights_sitenote_category":0,"site-sidebar-layout":"no-sidebar","site-content-layout":"default","ast-main-header-display":"","ast-hfb-above-header-display":"","ast-hfb-below-header-display":"","ast-hfb-mobile-header-display":"","site-post-title":"disabled","ast-breadcrumbs-content":"","ast-featured-img":"disabled","footer-sml-layout":"","theme-transparent-header-meta":"enabled","adv-header-id-meta":"","stick-header-meta":"","header-above-stick-meta":"","header-main-stick-meta":"","header-below-stick-meta":"","footnotes":""},"class_list":["post-135","page","type-page","status-publish","hentry"],"aioseo_notices":[],"_links":{"self":[{"href":"https:\/\/contextoacademico.com\/es\/wp-json\/wp\/v2\/pages\/135","targetHints":{"allow":["GET"]}}],"collection":[{"href":"https:\/\/contextoacademico.com\/es\/wp-json\/wp\/v2\/pages"}],"about":[{"href":"https:\/\/contextoacademico.com\/es\/wp-json\/wp\/v2\/types\/page"}],"author":[{"embeddable":true,"href":"https:\/\/contextoacademico.com\/es\/wp-json\/wp\/v2\/users\/1"}],"replies":[{"embeddable":true,"href":"https:\/\/contextoacademico.com\/es\/wp-json\/wp\/v2\/comments?post=135"}],"version-history":[{"count":227,"href":"https:\/\/contextoacademico.com\/es\/wp-json\/wp\/v2\/pages\/135\/revisions"}],"predecessor-version":[{"id":1131,"href":"https:\/\/contextoacademico.com\/es\/wp-json\/wp\/v2\/pages\/135\/revisions\/1131"}],"wp:attachment":[{"href":"https:\/\/contextoacademico.com\/es\/wp-json\/wp\/v2\/media?parent=135"}],"curies":[{"name":"wp","href":"https:\/\/api.w.org\/{rel}","templated":true}]}}